{"id":101,"date":"2024-03-10T11:58:37","date_gmt":"2024-03-10T16:58:37","guid":{"rendered":"https:\/\/cancerduseinqc.ca\/cancerduseinqc\/?page_id=101"},"modified":"2026-04-05T08:58:00","modified_gmt":"2026-04-05T13:58:00","slug":"qui-sommes-nous","status":"publish","type":"page","link":"https:\/\/cancerduseinqc.ca\/cancerduseinqc\/qui-sommes-nous\/","title":{"rendered":"Qui sommes-nous?"},"content":{"rendered":"\n<p>Ce site a pour origine une page Facebook cr\u00e9\u00e9e par V\u00e9ronique et Lynda, le tandem rose, peu apr\u00e8s leur diagnostic de cancer du sein. Elles sont \u00e9galement les fondatrices d&rsquo;un groupe Facebook Cancer Du Sein (Qu\u00e9bec &amp; Canada).  <\/p>\n\n\n\n<p>Aujourd&rsquo;hui, Lynda, administre un nouveau groupe pour aider les filles dans leur cheminement apr\u00e8s le cancer.<\/p>\n\n\n\n<p>La page Facebook \u00ab\u00a0Quand tes seins te font perdre la boule\u00a0\u00bb devient un site \u00e0 part enti\u00e8re, fruit de la collaboration des d&rsquo;administratrices du groupe Cancer Du Sein (Qu\u00e9bec &amp; Canada).  <\/p>\n","protected":false},"excerpt":{"rendered":"<p>Ce site a pour origine une page Facebook cr\u00e9\u00e9e par V\u00e9ronique et Lynda, le tandem rose, peu apr\u00e8s leur diagnostic de cancer du sein. Elles sont \u00e9galement les fondatrices d&rsquo;un groupe Facebook Cancer Du Sein (Qu\u00e9bec &amp; Canada). Aujourd&rsquo;hui, Lynda, administre un nouveau groupe pour aider les filles dans leur cheminement apr\u00e8s le cancer. La&#8230;<\/p>\n","protected":false},"author":2,"featured_media":0,"parent":0,"menu_order":0,"comment_status":"closed","ping_status":"closed","template":"","meta":{"footnotes":""},"class_list":["post-101","page","type-page","status-publish","hentry"],"_links":{"self":[{"href":"https:\/\/cancerduseinqc.ca\/cancerduseinqc\/wp-json\/wp\/v2\/pages\/101","targetHints":{"allow":["GET"]}}],"collection":[{"href":"https:\/\/cancerduseinqc.ca\/cancerduseinqc\/wp-json\/wp\/v2\/pages"}],"about":[{"href":"https:\/\/cancerduseinqc.ca\/cancerduseinqc\/wp-json\/wp\/v2\/types\/page"}],"author":[{"embeddable":true,"href":"https:\/\/cancerduseinqc.ca\/cancerduseinqc\/wp-json\/wp\/v2\/users\/2"}],"replies":[{"embeddable":true,"href":"https:\/\/cancerduseinqc.ca\/cancerduseinqc\/wp-json\/wp\/v2\/comments?post=101"}],"version-history":[{"count":2,"href":"https:\/\/cancerduseinqc.ca\/cancerduseinqc\/wp-json\/wp\/v2\/pages\/101\/revisions"}],"predecessor-version":[{"id":103,"href":"https:\/\/cancerduseinqc.ca\/cancerduseinqc\/wp-json\/wp\/v2\/pages\/101\/revisions\/103"}],"wp:attachment":[{"href":"https:\/\/cancerduseinqc.ca\/cancerduseinqc\/wp-json\/wp\/v2\/media?parent=101"}],"curies":[{"name":"wp","href":"https:\/\/api.w.org\/{rel}","templated":true}]}}